{"id":754,"date":"2017-12-01T13:56:01","date_gmt":"2017-12-01T12:56:01","guid":{"rendered":"https:\/\/www.investinluxembourg.be\/contact\/"},"modified":"2026-01-14T10:22:48","modified_gmt":"2026-01-14T09:22:48","slug":"contact","status":"publish","type":"page","link":"https:\/\/www.investinluxembourg.be\/en\/contact\/","title":{"rendered":"Contact us"},"content":{"rendered":"<div class=\"wpb-content-wrapper\"><p>[vc_row type=&#8221;vc_default&#8221; gap=&#8221;15&#8243; content_placement=&#8221;middle&#8221; bg_type=&#8221;image&#8221; parallax_style=&#8221;vcpb-default&#8221; bg_image_new=&#8221;id^3952|url^https:\/\/investinluxembourg.be\/wp-content\/uploads\/2020\/05\/Si\u00e8ge-social-IDELUX.jpg|caption^null|alt^Si\u00e8ge social IDELUX D\u00e9veloppement &#8211; Invest in Luxembourg|title^Si\u00e8ge social IDELUX|description^null&#8221; bg_image_repeat=&#8221;no-repeat&#8221; bg_override=&#8221;ex-full&#8221; enable_overlay=&#8221;enable_overlay_value&#8221; overlay_color=&#8221;rgba(37,79,86,0.7)&#8221; css=&#8221;.vc_custom_1589209327885{margin-bottom: 30px !important;padding-top: 30px !important;padding-bottom: 30px !important;}&#8221; el_class=&#8221;custom-line&#8221;][vc_column][vc_column_text css=&#8221;.vc_custom_1589209185732{margin-bottom: 50px !important;}&#8221; el_class=&#8221;custom-white&#8221;]<\/p>\n<h1>Contact us<\/h1>\n<p>Do you want to know more about<strong> the opportunities<\/strong> offered by the Belgian Luxembourg for your company ?<\/p>\n<p>Our team responsible<strong> for the setting-up of companies and the support to investors<\/strong> is at your full disposal to answer all your questions.<\/p>\n<p>Contact us via <strong>the form<\/strong> and we will answer you as quickly as possible ![\/vc_column_text][\/vc_column][\/vc_row][vc_row type=&#8221;vc_default&#8221; gap=&#8221;15&#8243; el_class=&#8221;custom-line&#8221;][vc_column width=&#8221;1\/2&#8243;][vc_column_text]<\/p>\n<h4>IDELUX D\u00e9veloppement &#8211; Invest in Luxembourg<\/h4>\n<p>Dr\u00e8ve de l\u2019Arc-en-Ciel, 98<br \/>\n6700 Arlon<br \/>\nBelgique[\/vc_column_text][vc_raw_html css=&#8221;&#8221;]JTNDaWZyYW1lJTIwc3JjJTNEJTIyaHR0cHMlM0ElMkYlMkZ3d3cuZ29vZ2xlLmNvbSUyRm1hcHMlMkZlbWJlZCUzRnBiJTNEJTIxMW0xOCUyMTFtMTIlMjExbTMlMjExZDExMTU2MTMuNTM5ODk1OTYyNyUyMTJkNC44OTA4NzM0MTk4NDk4NjclMjEzZDUwLjAxMTg4MDY2MDQxODY0JTIxMm0zJTIxMWYwJTIxMmYwJTIxM2YwJTIxM20yJTIxMWkxMDI0JTIxMmk3NjglMjE0ZjEzLjElMjEzbTMlMjExbTIlMjExczB4NDdlYWJhODIzYjg4ZjM3YiUyNTNBMHg4OThlNjQxZmJjYTc5MTZiJTIxMnNJREVMVVglMjE1ZTAlMjEzbTIlMjExc2ZyJTIxMnNiZSUyMTR2MTc2ODM4MjU0MDUxMCUyMTVtMiUyMTFzZnIlMjEyc2JlJTIyJTIwd2lkdGglM0QlMjIxMDAlMjUlMjIlMjBoZWlnaHQlM0QlMjI1MDAlMjIlMjBzdHlsZSUzRCUyMmJvcmRlciUzQTAlM0IlMjIlMjBhbGxvd2Z1bGxzY3JlZW4lM0QlMjIlMjIlMjBsb2FkaW5nJTNEJTIybGF6eSUyMiUyMHJlZmVycmVycG9saWN5JTNEJTIybm8tcmVmZXJyZXItd2hlbi1kb3duZ3JhZGUlMjIlM0UlM0MlMkZpZnJhbWUlM0U=[\/vc_raw_html][\/vc_column][vc_column width=&#8221;1\/2&#8243;]\n<div class=\"wpcf7 no-js\" id=\"wpcf7-f857-o1\" lang=\"fr-BE\" dir=\"ltr\" data-wpcf7-id=\"857\">\n<div class=\"screen-reader-response\"><p role=\"status\" aria-live=\"polite\" aria-atomic=\"true\"><\/p> <ul><\/ul><\/div>\n<form action=\"\/en\/wp-json\/wp\/v2\/pages\/754#wpcf7-f857-o1\" method=\"post\" class=\"wpcf7-form init\" aria-label=\"Contact form\" novalidate=\"novalidate\" data-status=\"init\">\n<fieldset class=\"hidden-fields-container\"><input type=\"hidden\" name=\"_wpcf7\" value=\"857\" \/><input type=\"hidden\" name=\"_wpcf7_version\" value=\"6.1.5\" \/><input type=\"hidden\" name=\"_wpcf7_locale\" value=\"fr_BE\" \/><input type=\"hidden\" name=\"_wpcf7_unit_tag\" value=\"wpcf7-f857-o1\" \/><input type=\"hidden\" name=\"_wpcf7_container_post\" value=\"0\" \/><input type=\"hidden\" name=\"_wpcf7_posted_data_hash\" value=\"\" \/><input type=\"hidden\" name=\"_wpcf7_recaptcha_response\" value=\"\" \/>\n<\/fieldset>\n<h3>Tell us about your project\n<\/h3>\n<p><label>Firstname *<\/label><br \/>\n<span class=\"wpcf7-form-control-wrap\" data-name=\"prenom\"><input size=\"40\" maxlength=\"400\" class=\"wpcf7-form-control wpcf7-text wpcf7-validates-as-required\" aria-required=\"true\" aria-invalid=\"false\" value=\"\" type=\"text\" name=\"prenom\" \/><\/span>\n<\/p>\n<p><label>Lastname *<\/label><br \/>\n<span class=\"wpcf7-form-control-wrap\" data-name=\"nom\"><input size=\"40\" maxlength=\"400\" class=\"wpcf7-form-control wpcf7-text wpcf7-validates-as-required\" aria-required=\"true\" aria-invalid=\"false\" value=\"\" type=\"text\" name=\"nom\" \/><\/span>\n<\/p>\n<p><label>Email address *<\/label><br \/>\n<span class=\"wpcf7-form-control-wrap\" data-name=\"email\"><input size=\"40\" maxlength=\"400\" class=\"wpcf7-form-control wpcf7-email wpcf7-validates-as-required wpcf7-text wpcf7-validates-as-email\" aria-required=\"true\" aria-invalid=\"false\" value=\"\" type=\"email\" name=\"email\" \/><\/span>\n<\/p>\n<p><label>Phone number\/GSM *<\/label><br \/>\n<span class=\"wpcf7-form-control-wrap\" data-name=\"telephone\"><input size=\"40\" maxlength=\"400\" class=\"wpcf7-form-control wpcf7-tel wpcf7-validates-as-required wpcf7-text wpcf7-validates-as-tel\" aria-required=\"true\" aria-invalid=\"false\" value=\"\" type=\"tel\" name=\"telephone\" \/><\/span>\n<\/p>\n<p><label>Company *<\/label><br \/>\n<span class=\"wpcf7-form-control-wrap\" data-name=\"entreprise\"><input size=\"40\" maxlength=\"400\" class=\"wpcf7-form-control wpcf7-text wpcf7-validates-as-required\" aria-required=\"true\" aria-invalid=\"false\" value=\"\" type=\"text\" name=\"entreprise\" \/><\/span>\n<\/p>\n<p><label>Function *<\/label><br \/>\n<span class=\"wpcf7-form-control-wrap\" data-name=\"fonction\"><input size=\"40\" maxlength=\"400\" class=\"wpcf7-form-control wpcf7-text wpcf7-validates-as-required\" aria-required=\"true\" aria-invalid=\"false\" value=\"\" type=\"text\" name=\"fonction\" \/><\/span>\n<\/p>\n<p><label>Your project *<\/label><br \/>\n<span class=\"wpcf7-form-control-wrap\" data-name=\"message\"><textarea cols=\"1\" rows=\"3\" maxlength=\"2000\" class=\"wpcf7-form-control wpcf7-textarea wpcf7-validates-as-required\" aria-required=\"true\" aria-invalid=\"false\" name=\"message\"><\/textarea><\/span>\n<\/p>\n<p><label>The service that interests you :<\/label>\n<\/p>\n<p><span class=\"wpcf7-form-control-wrap\" data-name=\"service\"><select class=\"wpcf7-form-control wpcf7-select wpcf7-validates-as-required\" aria-required=\"true\" aria-invalid=\"false\" name=\"service\"><option value=\"Settle in\">Settle in<\/option><option value=\"Innovate\">Innovate<\/option><option value=\"Get financing\">Get financing<\/option><option value=\"Invest\">Invest<\/option><option value=\"Get advice\">Get advice<\/option><\/select><\/span>\n<\/p>\n<p><label>The sector that interests you :<\/label>\n<\/p>\n<p><span class=\"wpcf7-form-control-wrap\" data-name=\"secteur\"><select class=\"wpcf7-form-control wpcf7-select wpcf7-validates-as-required\" aria-required=\"true\" aria-invalid=\"false\" name=\"secteur\"><option value=\"Space-Cybersecurity\">Space-Cybersecurity<\/option><option value=\"Wood\">Wood<\/option><option value=\"Life sciences\">Life sciences<\/option><option value=\"Logistics\">Logistics<\/option><option value=\"Agri-food\">Agri-food<\/option><option value=\"Tourism\">Tourism<\/option><\/select><\/span>\n<\/p>\n<p><span class=\"wpcf7-form-control-wrap\" data-name=\"privacy\"><span class=\"wpcf7-form-control wpcf7-acceptance\"><span class=\"wpcf7-list-item\"><label><input type=\"checkbox\" name=\"privacy\" value=\"1\" aria-invalid=\"false\" \/><span class=\"wpcf7-list-item-label\">I authorize Invest in Luxembourg to send me this content via email. *<\/span><\/label><\/span><\/span><\/span>\n<\/p>\n<p style=\"font-size: 12px; line-height: 20px;\">By clicking \"Send\" below, you authorize Invest in Luxembourg to store and process the personal data submitted above so that it can provide you with adequate information. You can unsubscribe from these communications at any time.\n<\/p>\n<p><input class=\"wpcf7-form-control wpcf7-submit has-spinner\" type=\"submit\" value=\"Send\" \/>\n<\/p><div class=\"wpcf7-response-output\" aria-hidden=\"true\"><\/div>\n<\/form>\n<\/div>\n[\/vc_column][\/vc_row]<\/p>\n<\/div>","protected":false},"excerpt":{"rendered":"<p>[vc_row type=&#8221;vc_default&#8221; gap=&#8221;15&#8243; content_placement=&#8221;middle&#8221; bg_type=&#8221;image&#8221; parallax_style=&#8221;vcpb-default&#8221; bg_image_new=&#8221;id^3952|url^https:\/\/investinluxembourg.be\/wp-content\/uploads\/2020\/05\/Si\u00e8ge-social-IDELUX.jpg|caption^null|alt^Si\u00e8ge social IDELUX D\u00e9veloppement &#8211; Invest in Luxembourg|title^Si\u00e8ge social IDELUX|description^null&#8221; bg_image_repeat=&#8221;no-repeat&#8221; bg_override=&#8221;ex-full&#8221; enable_overlay=&#8221;enable_overlay_value&#8221; overlay_color=&#8221;rgba(37,79,86,0.7)&#8221; css=&#8221;.vc_custom_1589209327885{margin-bottom: 30px !important;padding-top: 30px !important;padding-bottom: 30px !important;}&#8221; el_class=&#8221;custom-line&#8221;][vc_column][vc_column_text css=&#8221;.vc_custom_1589209185732{margin-bottom: 50px !important;}&#8221; el_class=&#8221;custom-white&#8221;] Contact us Do you want to know more about the opportunities offered by the Belgian Luxembourg for your company ? Our team responsible&hellip;<\/p>\n","protected":false},"author":4,"featured_media":0,"parent":0,"menu_order":8,"comment_status":"closed","ping_status":"closed","template":"","meta":{"footnotes":""},"class_list":["post-754","page","type-page","status-publish","hentry","description-off"],"yoast_head":"<!-- This site is optimized with the Yoast SEO plugin v27.5 - https:\/\/yoast.com\/product\/yoast-seo-wordpress\/ -->\n<title>Contact us - Idelux<\/title>\n<meta name=\"description\" content=\"Our team responsible for the setting-up of companies and the support to investors is at your full disposal to answer you. contact us!\" \/>\n<meta name=\"robots\" content=\"index, follow, max-snippet:-1, max-image-preview:large, max-video-preview:-1\" \/>\n<link rel=\"canonical\" href=\"https:\/\/www.investinluxembourg.be\/en\/contact\/\" \/>\n<meta property=\"og:locale\" content=\"en_US\" \/>\n<meta property=\"og:type\" content=\"article\" \/>\n<meta property=\"og:title\" content=\"Contact us - Idelux\" \/>\n<meta property=\"og:description\" content=\"Our team responsible for the setting-up of companies and the support to investors is at your full disposal to answer you. contact us!\" \/>\n<meta property=\"og:url\" content=\"https:\/\/www.investinluxembourg.be\/en\/contact\/\" \/>\n<meta property=\"og:site_name\" content=\"Idelux\" \/>\n<meta property=\"article:modified_time\" content=\"2026-01-14T09:22:48+00:00\" \/>\n<meta name=\"twitter:card\" content=\"summary_large_image\" \/>\n<meta name=\"twitter:label1\" content=\"Est. reading time\" \/>\n\t<meta name=\"twitter:data1\" content=\"1 minute\" \/>\n<script type=\"application\/ld+json\" class=\"yoast-schema-graph\">{\"@context\":\"https:\\\/\\\/schema.org\",\"@graph\":[{\"@type\":\"WebPage\",\"@id\":\"https:\\\/\\\/www.investinluxembourg.be\\\/en\\\/contact\\\/\",\"url\":\"https:\\\/\\\/www.investinluxembourg.be\\\/en\\\/contact\\\/\",\"name\":\"Contact us - Idelux\",\"isPartOf\":{\"@id\":\"https:\\\/\\\/www.investinluxembourg.be\\\/#website\"},\"datePublished\":\"2017-12-01T12:56:01+00:00\",\"dateModified\":\"2026-01-14T09:22:48+00:00\",\"description\":\"Our team responsible for the setting-up of companies and the support to investors is at your full disposal to answer you. contact us!\",\"breadcrumb\":{\"@id\":\"https:\\\/\\\/www.investinluxembourg.be\\\/en\\\/contact\\\/#breadcrumb\"},\"inLanguage\":\"en-US\",\"potentialAction\":[{\"@type\":\"ReadAction\",\"target\":[\"https:\\\/\\\/www.investinluxembourg.be\\\/en\\\/contact\\\/\"]}]},{\"@type\":\"BreadcrumbList\",\"@id\":\"https:\\\/\\\/www.investinluxembourg.be\\\/en\\\/contact\\\/#breadcrumb\",\"itemListElement\":[{\"@type\":\"ListItem\",\"position\":1,\"name\":\"Accueil\",\"item\":\"https:\\\/\\\/www.investinluxembourg.be\\\/en\\\/\"},{\"@type\":\"ListItem\",\"position\":2,\"name\":\"Contact us\"}]},{\"@type\":\"WebSite\",\"@id\":\"https:\\\/\\\/www.investinluxembourg.be\\\/#website\",\"url\":\"https:\\\/\\\/www.investinluxembourg.be\\\/\",\"name\":\"Idelux\",\"description\":\"\",\"potentialAction\":[{\"@type\":\"SearchAction\",\"target\":{\"@type\":\"EntryPoint\",\"urlTemplate\":\"https:\\\/\\\/www.investinluxembourg.be\\\/?s={search_term_string}\"},\"query-input\":{\"@type\":\"PropertyValueSpecification\",\"valueRequired\":true,\"valueName\":\"search_term_string\"}}],\"inLanguage\":\"en-US\"}]}<\/script>\n<!-- \/ Yoast SEO plugin. -->","yoast_head_json":{"title":"Contact us - Idelux","description":"Our team responsible for the setting-up of companies and the support to investors is at your full disposal to answer you. contact us!","robots":{"index":"index","follow":"follow","max-snippet":"max-snippet:-1","max-image-preview":"max-image-preview:large","max-video-preview":"max-video-preview:-1"},"canonical":"https:\/\/www.investinluxembourg.be\/en\/contact\/","og_locale":"en_US","og_type":"article","og_title":"Contact us - Idelux","og_description":"Our team responsible for the setting-up of companies and the support to investors is at your full disposal to answer you. contact us!","og_url":"https:\/\/www.investinluxembourg.be\/en\/contact\/","og_site_name":"Idelux","article_modified_time":"2026-01-14T09:22:48+00:00","twitter_card":"summary_large_image","twitter_misc":{"Est. reading time":"1 minute"},"schema":{"@context":"https:\/\/schema.org","@graph":[{"@type":"WebPage","@id":"https:\/\/www.investinluxembourg.be\/en\/contact\/","url":"https:\/\/www.investinluxembourg.be\/en\/contact\/","name":"Contact us - Idelux","isPartOf":{"@id":"https:\/\/www.investinluxembourg.be\/#website"},"datePublished":"2017-12-01T12:56:01+00:00","dateModified":"2026-01-14T09:22:48+00:00","description":"Our team responsible for the setting-up of companies and the support to investors is at your full disposal to answer you. contact us!","breadcrumb":{"@id":"https:\/\/www.investinluxembourg.be\/en\/contact\/#breadcrumb"},"inLanguage":"en-US","potentialAction":[{"@type":"ReadAction","target":["https:\/\/www.investinluxembourg.be\/en\/contact\/"]}]},{"@type":"BreadcrumbList","@id":"https:\/\/www.investinluxembourg.be\/en\/contact\/#breadcrumb","itemListElement":[{"@type":"ListItem","position":1,"name":"Accueil","item":"https:\/\/www.investinluxembourg.be\/en\/"},{"@type":"ListItem","position":2,"name":"Contact us"}]},{"@type":"WebSite","@id":"https:\/\/www.investinluxembourg.be\/#website","url":"https:\/\/www.investinluxembourg.be\/","name":"Idelux","description":"","potentialAction":[{"@type":"SearchAction","target":{"@type":"EntryPoint","urlTemplate":"https:\/\/www.investinluxembourg.be\/?s={search_term_string}"},"query-input":{"@type":"PropertyValueSpecification","valueRequired":true,"valueName":"search_term_string"}}],"inLanguage":"en-US"}]}},"_links":{"self":[{"href":"https:\/\/www.investinluxembourg.be\/en\/wp-json\/wp\/v2\/pages\/754","targetHints":{"allow":["GET"]}}],"collection":[{"href":"https:\/\/www.investinluxembourg.be\/en\/wp-json\/wp\/v2\/pages"}],"about":[{"href":"https:\/\/www.investinluxembourg.be\/en\/wp-json\/wp\/v2\/types\/page"}],"author":[{"embeddable":true,"href":"https:\/\/www.investinluxembourg.be\/en\/wp-json\/wp\/v2\/users\/4"}],"replies":[{"embeddable":true,"href":"https:\/\/www.investinluxembourg.be\/en\/wp-json\/wp\/v2\/comments?post=754"}],"version-history":[{"count":5,"href":"https:\/\/www.investinluxembourg.be\/en\/wp-json\/wp\/v2\/pages\/754\/revisions"}],"predecessor-version":[{"id":11312,"href":"https:\/\/www.investinluxembourg.be\/en\/wp-json\/wp\/v2\/pages\/754\/revisions\/11312"}],"wp:attachment":[{"href":"https:\/\/www.investinluxembourg.be\/en\/wp-json\/wp\/v2\/media?parent=754"}],"curies":[{"name":"wp","href":"https:\/\/api.w.org\/{rel}","templated":true}]}}